{"id":867,"date":"2024-01-16T18:37:22","date_gmt":"2024-01-17T00:37:22","guid":{"rendered":"https:\/\/ccspprod.wpenginepowered.com\/consejo-escolar-en-casa\/"},"modified":"2024-09-17T13:53:09","modified_gmt":"2024-09-17T18:53:09","slug":"consejo-escolar-en-casa","status":"publish","type":"page","link":"https:\/\/ccsp.org\/es\/consejo-escolar-en-casa\/","title":{"rendered":"Consejo Escolar en Casa"},"content":{"rendered":"\t\t<div data-elementor-type=\"wp-page\" data-elementor-id=\"867\" class=\"elementor elementor-867 elementor-166\" data-elementor-post-type=\"page\">\n\t\t\t\t<div class=\"elementor-element elementor-element-54f766e0 e-con-full e-flex e-con e-parent\" data-id=\"54f766e0\" data-element_type=\"container\" data-e-type=\"container\" data-settings=\"{&quot;background_background&quot;:&quot;classic&quot;,&quot;jet_parallax_layout_list&quot;:[]}\">\n\t\t<div class=\"elementor-element elementor-element-692610c5 e-con-full e-flex e-con e-child\" data-id=\"692610c5\" data-element_type=\"container\" data-e-type=\"container\" data-settings=\"{&quot;jet_parallax_layout_list&quot;:[]}\">\n\t\t\t\t<div class=\"elementor-element elementor-element-63f91feb elementor-widget elementor-widget-heading\" data-id=\"63f91feb\" data-element_type=\"widget\" data-e-type=\"widget\" data-widget_type=\"heading.default\">\n\t\t\t\t<div class=\"elementor-widget-container\">\n\t\t\t\t\t<h1 class=\"elementor-heading-title elementor-size-default\">Consejo Escolar en Casa<\/h1>\t\t\t\t<\/div>\n\t\t\t\t<\/div>\n\t\t\t\t<div class=\"elementor-element elementor-element-719542f elementor-widget elementor-widget-text-editor\" data-id=\"719542f\" data-element_type=\"widget\" data-e-type=\"widget\" data-widget_type=\"text-editor.default\">\n\t\t\t\t<div class=\"elementor-widget-container\">\n\t\t\t\t\t\t\t\t\t<p>El Consejo Escolar en Casa (HSC) es la \u00abvoz\u00bb de TODAS las familias en la Escuela Charter de la Comunidad de Paterson. El Consejo Escolar en Casa aboga por los estudiantes y la escuela elige a familias de CCSP para formar parte del Consejo Escolar del Sitio Escolar, recauda fondos para apoyar actividades escolares, asume un papel de liderazgo en la promoci\u00f3n del compromiso familiar en CCSP y promueve un ambiente de comprensi\u00f3n y prop\u00f3sito com\u00fan entre las familias y los maestros.<\/p><\/p>\n\t\t\t\t\t\t\t\t<\/div>\n\t\t\t\t<\/div>\n\t\t\t\t<\/div>\n\t\t<div class=\"elementor-element elementor-element-76c71a13 e-con-full e-flex e-con e-child\" data-id=\"76c71a13\" data-element_type=\"container\" data-e-type=\"container\" data-settings=\"{&quot;jet_parallax_layout_list&quot;:[]}\">\n\t\t\t\t<div class=\"elementor-element elementor-element-32701c38 elementor-widget elementor-widget-image\" data-id=\"32701c38\" data-element_type=\"widget\" data-e-type=\"widget\" data-widget_type=\"image.default\">\n\t\t\t\t<div class=\"elementor-widget-container\">\n\t\t\t\t\t\t\t\t\t\t\t\t\t\t\t<img fetchpriority=\"high\" decoding=\"async\" width=\"1024\" height=\"768\" src=\"https:\/\/ccsp.org\/wp-content\/uploads\/2024\/02\/IMG-20231221-WA0018.jpg\" class=\"attachment-full size-full wp-image-869\" alt=\"\" srcset=\"https:\/\/ccsp.org\/wp-content\/uploads\/2024\/02\/IMG-20231221-WA0018.jpg 1024w, https:\/\/ccsp.org\/wp-content\/uploads\/2024\/02\/IMG-20231221-WA0018-300x225.jpg 300w, https:\/\/ccsp.org\/wp-content\/uploads\/2024\/02\/IMG-20231221-WA0018-768x576.jpg 768w\" sizes=\"(max-width: 1024px) 100vw, 1024px\" \/>\t\t\t\t\t\t\t\t\t\t\t\t\t\t\t<\/div>\n\t\t\t\t<\/div>\n\t\t\t\t<\/div>\n\t\t\t\t<\/div>\n\t\t<div class=\"elementor-element elementor-element-5de2df2 e-flex e-con-boxed e-con e-parent\" data-id=\"5de2df2\" data-element_type=\"container\" data-e-type=\"container\" data-settings=\"{&quot;background_background&quot;:&quot;classic&quot;,&quot;jet_parallax_layout_list&quot;:[]}\">\n\t\t\t\t\t<div class=\"e-con-inner\">\n\t\t<div class=\"elementor-element elementor-element-63d552b e-con-full e-flex e-con e-child\" data-id=\"63d552b\" data-element_type=\"container\" data-e-type=\"container\" data-settings=\"{&quot;jet_parallax_layout_list&quot;:[]}\">\n\t\t\t\t<div class=\"elementor-element elementor-element-e607d72 elementor-widget elementor-widget-image\" data-id=\"e607d72\" data-element_type=\"widget\" data-e-type=\"widget\" data-widget_type=\"image.default\">\n\t\t\t\t<div class=\"elementor-widget-container\">\n\t\t\t\t\t\t\t\t\t\t\t\t\t\t\t<img decoding=\"async\" width=\"700\" height=\"500\" data-src=\"https:\/\/ccsp.org\/wp-content\/uploads\/2024\/02\/20221031_112333-landscape.png\" class=\"attachment-large size-large wp-image-872 lazyload\" alt=\"\" data-srcset=\"https:\/\/ccsp.org\/wp-content\/uploads\/2024\/02\/20221031_112333-landscape.png 700w, https:\/\/ccsp.org\/wp-content\/uploads\/2024\/02\/20221031_112333-landscape-300x214.png 300w\" data-sizes=\"(max-width: 700px) 100vw, 700px\" src=\"data:image\/svg+xml;base64,PHN2ZyB3aWR0aD0iMSIgaGVpZ2h0PSIxIiB4bWxucz0iaHR0cDovL3d3dy53My5vcmcvMjAwMC9zdmciPjwvc3ZnPg==\" style=\"--smush-placeholder-width: 700px; --smush-placeholder-aspect-ratio: 700\/500;\" \/>\t\t\t\t\t\t\t\t\t\t\t\t\t\t\t<\/div>\n\t\t\t\t<\/div>\n\t\t\t\t<div class=\"elementor-element elementor-element-c2a1cc8 elementor-widget elementor-widget-heading\" data-id=\"c2a1cc8\" data-element_type=\"widget\" data-e-type=\"widget\" data-widget_type=\"heading.default\">\n\t\t\t\t<div class=\"elementor-widget-container\">\n\t\t\t\t\t<h2 class=\"elementor-heading-title elementor-size-default\">\u00bfEst\u00e1s interesado en unirte al Consejo Escolar en Casa?<\/h2>\t\t\t\t<\/div>\n\t\t\t\t<\/div>\n\t\t\t\t<div class=\"elementor-element elementor-element-64aa608 elementor-widget elementor-widget-text-editor\" data-id=\"64aa608\" data-element_type=\"widget\" data-e-type=\"widget\" data-widget_type=\"text-editor.default\">\n\t\t\t\t<div class=\"elementor-widget-container\">\n\t\t\t\t\t\t\t\t\t<p>Por favor, completa el Formulario de Posiciones del Consejo Escolar en Casa y alguien del Departamento de Escuelas Comunitarias se pondr\u00e1 en contacto contigo.<\/p>\n\t\t\t\t\t\t\t\t<\/div>\n\t\t\t\t<\/div>\n\t\t\t\t<div class=\"elementor-element elementor-element-2785d50 elementor-widget elementor-widget-button\" data-id=\"2785d50\" data-element_type=\"widget\" data-e-type=\"widget\" data-widget_type=\"button.default\">\n\t\t\t\t<div class=\"elementor-widget-container\">\n\t\t\t\t\t\t\t\t\t<div class=\"elementor-button-wrapper\">\n\t\t\t\t\t<a class=\"elementor-button elementor-button-link elementor-size-sm\" href=\"https:\/\/forms.gle\/LaguHY8jmYhtaKdn8\" target=\"_blank\">\n\t\t\t\t\t\t<span class=\"elementor-button-content-wrapper\">\n\t\t\t\t\t\t<span class=\"elementor-button-icon\">\n\t\t\t\t<svg aria-hidden=\"true\" class=\"e-font-icon-svg e-fas-angle-right\" viewBox=\"0 0 256 512\" xmlns=\"http:\/\/www.w3.org\/2000\/svg\"><path d=\"M224.3 273l-136 136c-9.4 9.4-24.6 9.4-33.9 0l-22.6-22.6c-9.4-9.4-9.4-24.6 0-33.9l96.4-96.4-96.4-96.4c-9.4-9.4-9.4-24.6 0-33.9L54.3 103c9.4-9.4 24.6-9.4 33.9 0l136 136c9.5 9.4 9.5 24.6.1 34z\"><\/path><\/svg>\t\t\t<\/span>\n\t\t\t\t\t\t\t\t\t<span class=\"elementor-button-text\">Aplica Aqu\u00ed<\/span>\n\t\t\t\t\t<\/span>\n\t\t\t\t\t<\/a>\n\t\t\t\t<\/div>\n\t\t\t\t\t\t\t\t<\/div>\n\t\t\t\t<\/div>\n\t\t\t\t<\/div>\n\t\t<div class=\"elementor-element elementor-element-e482b35 e-con-full e-flex e-con e-child\" data-id=\"e482b35\" data-element_type=\"container\" data-e-type=\"container\" data-settings=\"{&quot;jet_parallax_layout_list&quot;:[]}\">\n\t\t\t\t<div class=\"elementor-element elementor-element-62c20bb elementor-widget elementor-widget-image\" data-id=\"62c20bb\" data-element_type=\"widget\" data-e-type=\"widget\" data-widget_type=\"image.default\">\n\t\t\t\t<div class=\"elementor-widget-container\">\n\t\t\t\t\t\t\t\t\t\t\t\t\t\t\t<img decoding=\"async\" data-src=\"https:\/\/ccsp.org\/wp-content\/uploads\/elementor\/thumbs\/53297547779_6b8a557369_k-qk57wtor47y3ubqbb2wai1pwdfqygccuzj7h56aa88.jpeg\" title=\"53297547779_6b8a557369_k\" alt=\"53297547779_6b8a557369_k\" src=\"data:image\/svg+xml;base64,PHN2ZyB3aWR0aD0iMSIgaGVpZ2h0PSIxIiB4bWxucz0iaHR0cDovL3d3dy53My5vcmcvMjAwMC9zdmciPjwvc3ZnPg==\" class=\"lazyload\" style=\"--smush-placeholder-width: 1024px; --smush-placeholder-aspect-ratio: 1024\/724;\" \/>\t\t\t\t\t\t\t\t\t\t\t\t\t\t\t<\/div>\n\t\t\t\t<\/div>\n\t\t\t\t<div class=\"elementor-element elementor-element-c721168 elementor-widget elementor-widget-heading\" data-id=\"c721168\" data-element_type=\"widget\" data-e-type=\"widget\" data-widget_type=\"heading.default\">\n\t\t\t\t<div class=\"elementor-widget-container\">\n\t\t\t\t\t<h2 class=\"elementor-heading-title elementor-size-default\">\u00bfNecesitas apoyo del Consejo Escolar en Casa?\n<\/h2>\t\t\t\t<\/div>\n\t\t\t\t<\/div>\n\t\t\t\t<div class=\"elementor-element elementor-element-78e8e1b elementor-widget elementor-widget-text-editor\" data-id=\"78e8e1b\" data-element_type=\"widget\" data-e-type=\"widget\" data-widget_type=\"text-editor.default\">\n\t\t\t\t<div class=\"elementor-widget-container\">\n\t\t\t\t\t\t\t\t\t<p>Por favor, completa el Formulario de Solicitud de Apoyo Necesario y alguien del Departamento de Escuelas Comunitarias se pondr\u00e1 en contacto contigo.<\/p>\n\t\t\t\t\t\t\t\t<\/div>\n\t\t\t\t<\/div>\n\t\t\t\t<div class=\"elementor-element elementor-element-09aa076 elementor-widget elementor-widget-button\" data-id=\"09aa076\" data-element_type=\"widget\" data-e-type=\"widget\" data-widget_type=\"button.default\">\n\t\t\t\t<div class=\"elementor-widget-container\">\n\t\t\t\t\t\t\t\t\t<div class=\"elementor-button-wrapper\">\n\t\t\t\t\t<a class=\"elementor-button elementor-button-link elementor-size-sm\" href=\"https:\/\/forms.gle\/bebazo79X2AJrxDCA\" target=\"_blank\">\n\t\t\t\t\t\t<span class=\"elementor-button-content-wrapper\">\n\t\t\t\t\t\t<span class=\"elementor-button-icon\">\n\t\t\t\t<svg aria-hidden=\"true\" class=\"e-font-icon-svg e-fas-angle-right\" viewBox=\"0 0 256 512\" xmlns=\"http:\/\/www.w3.org\/2000\/svg\"><path d=\"M224.3 273l-136 136c-9.4 9.4-24.6 9.4-33.9 0l-22.6-22.6c-9.4-9.4-9.4-24.6 0-33.9l96.4-96.4-96.4-96.4c-9.4-9.4-9.4-24.6 0-33.9L54.3 103c9.4-9.4 24.6-9.4 33.9 0l136 136c9.5 9.4 9.5 24.6.1 34z\"><\/path><\/svg>\t\t\t<\/span>\n\t\t\t\t\t\t\t\t\t<span class=\"elementor-button-text\">Completa el Formulario<\/span>\n\t\t\t\t\t<\/span>\n\t\t\t\t\t<\/a>\n\t\t\t\t<\/div>\n\t\t\t\t\t\t\t\t<\/div>\n\t\t\t\t<\/div>\n\t\t\t\t<\/div>\n\t\t\t\t\t<\/div>\n\t\t\t\t<\/div>\n\t\t<div class=\"elementor-element elementor-element-772fe233 e-flex e-con-boxed e-con e-parent\" data-id=\"772fe233\" data-element_type=\"container\" data-e-type=\"container\" data-settings=\"{&quot;background_background&quot;:&quot;classic&quot;,&quot;jet_parallax_layout_list&quot;:[]}\">\n\t\t\t\t\t<div class=\"e-con-inner\">\n\t\t\t\t<div class=\"elementor-element elementor-element-46d6fc0f elementor-widget__width-inherit elementor-widget elementor-widget-heading\" data-id=\"46d6fc0f\" data-element_type=\"widget\" data-e-type=\"widget\" data-widget_type=\"heading.default\">\n\t\t\t\t<div class=\"elementor-widget-container\">\n\t\t\t\t\t<h2 class=\"elementor-heading-title elementor-size-default\">Recursos de Enlace<\/h2>\t\t\t\t<\/div>\n\t\t\t\t<\/div>\n\t\t<div class=\"elementor-element elementor-element-12742daf e-flex e-con-boxed e-con e-child\" data-id=\"12742daf\" data-element_type=\"container\" data-e-type=\"container\" data-settings=\"{&quot;jet_parallax_layout_list&quot;:[]}\">\n\t\t\t\t\t<div class=\"e-con-inner\">\n\t\t\t\t<div class=\"elementor-element elementor-element-ce83d4b elementor-align-justify elementor-widget__width-initial elementor-widget elementor-widget-button\" data-id=\"ce83d4b\" data-element_type=\"widget\" data-e-type=\"widget\" data-widget_type=\"button.default\">\n\t\t\t\t<div class=\"elementor-widget-container\">\n\t\t\t\t\t\t\t\t\t<div class=\"elementor-button-wrapper\">\n\t\t\t\t\t<a class=\"elementor-button elementor-button-link elementor-size-sm\" href=\"https:\/\/ccsp.org\/es\/hib\/\">\n\t\t\t\t\t\t<span class=\"elementor-button-content-wrapper\">\n\t\t\t\t\t\t<span class=\"elementor-button-icon\">\n\t\t\t\t<svg aria-hidden=\"true\" class=\"e-font-icon-svg e-fas-arrow-right\" viewBox=\"0 0 448 512\" xmlns=\"http:\/\/www.w3.org\/2000\/svg\"><path d=\"M190.5 66.9l22.2-22.2c9.4-9.4 24.6-9.4 33.9 0L441 239c9.4 9.4 9.4 24.6 0 33.9L246.6 467.3c-9.4 9.4-24.6 9.4-33.9 0l-22.2-22.2c-9.5-9.5-9.3-25 .4-34.3L311.4 296H24c-13.3 0-24-10.7-24-24v-32c0-13.3 10.7-24 24-24h287.4L190.9 101.2c-9.8-9.3-10-24.8-.4-34.3z\"><\/path><\/svg>\t\t\t<\/span>\n\t\t\t\t\t\t\t\t\t<span class=\"elementor-button-text\">HIB (Bullying)<\/span>\n\t\t\t\t\t<\/span>\n\t\t\t\t\t<\/a>\n\t\t\t\t<\/div>\n\t\t\t\t\t\t\t\t<\/div>\n\t\t\t\t<\/div>\n\t\t\t\t<div class=\"elementor-element elementor-element-5117858c elementor-align-justify elementor-widget__width-initial elementor-widget elementor-widget-button\" data-id=\"5117858c\" data-element_type=\"widget\" data-e-type=\"widget\" data-widget_type=\"button.default\">\n\t\t\t\t<div class=\"elementor-widget-container\">\n\t\t\t\t\t\t\t\t\t<div class=\"elementor-button-wrapper\">\n\t\t\t\t\t<a class=\"elementor-button elementor-button-link elementor-size-sm\" href=\"https:\/\/ccsp.org\/es\/inscripcion-en-linea\/\">\n\t\t\t\t\t\t<span class=\"elementor-button-content-wrapper\">\n\t\t\t\t\t\t<span class=\"elementor-button-icon\">\n\t\t\t\t<svg aria-hidden=\"true\" class=\"e-font-icon-svg e-fas-arrow-right\" viewBox=\"0 0 448 512\" xmlns=\"http:\/\/www.w3.org\/2000\/svg\"><path d=\"M190.5 66.9l22.2-22.2c9.4-9.4 24.6-9.4 33.9 0L441 239c9.4 9.4 9.4 24.6 0 33.9L246.6 467.3c-9.4 9.4-24.6 9.4-33.9 0l-22.2-22.2c-9.5-9.5-9.3-25 .4-34.3L311.4 296H24c-13.3 0-24-10.7-24-24v-32c0-13.3 10.7-24 24-24h287.4L190.9 101.2c-9.8-9.3-10-24.8-.4-34.3z\"><\/path><\/svg>\t\t\t<\/span>\n\t\t\t\t\t\t\t\t\t<span class=\"elementor-button-text\">Inscripci\u00f3n en L\u00ednea<\/span>\n\t\t\t\t\t<\/span>\n\t\t\t\t\t<\/a>\n\t\t\t\t<\/div>\n\t\t\t\t\t\t\t\t<\/div>\n\t\t\t\t<\/div>\n\t\t\t\t<div class=\"elementor-element elementor-element-5bb8b1f1 elementor-align-justify elementor-widget__width-initial elementor-widget elementor-widget-button\" data-id=\"5bb8b1f1\" data-element_type=\"widget\" data-e-type=\"widget\" data-widget_type=\"button.default\">\n\t\t\t\t<div class=\"elementor-widget-container\">\n\t\t\t\t\t\t\t\t\t<div class=\"elementor-button-wrapper\">\n\t\t\t\t\t<a class=\"elementor-button elementor-button-link elementor-size-sm\" href=\"https:\/\/ccsp.org\/es\/encuesta-de-ingresos-para-almuerzo-en-casa\/\">\n\t\t\t\t\t\t<span class=\"elementor-button-content-wrapper\">\n\t\t\t\t\t\t<span class=\"elementor-button-icon\">\n\t\t\t\t<svg aria-hidden=\"true\" class=\"e-font-icon-svg e-fas-arrow-right\" viewBox=\"0 0 448 512\" xmlns=\"http:\/\/www.w3.org\/2000\/svg\"><path d=\"M190.5 66.9l22.2-22.2c9.4-9.4 24.6-9.4 33.9 0L441 239c9.4 9.4 9.4 24.6 0 33.9L246.6 467.3c-9.4 9.4-24.6 9.4-33.9 0l-22.2-22.2c-9.5-9.5-9.3-25 .4-34.3L311.4 296H24c-13.3 0-24-10.7-24-24v-32c0-13.3 10.7-24 24-24h287.4L190.9 101.2c-9.8-9.3-10-24.8-.4-34.3z\"><\/path><\/svg>\t\t\t<\/span>\n\t\t\t\t\t\t\t\t\t<span class=\"elementor-button-text\">Solicitud de Comidas Escolares y EBT de Verano<\/span>\n\t\t\t\t\t<\/span>\n\t\t\t\t\t<\/a>\n\t\t\t\t<\/div>\n\t\t\t\t\t\t\t\t<\/div>\n\t\t\t\t<\/div>\n\t\t\t\t<div class=\"elementor-element elementor-element-6f6b4033 elementor-align-justify elementor-widget__width-initial elementor-widget elementor-widget-button\" data-id=\"6f6b4033\" data-element_type=\"widget\" data-e-type=\"widget\" data-widget_type=\"button.default\">\n\t\t\t\t<div class=\"elementor-widget-container\">\n\t\t\t\t\t\t\t\t\t<div class=\"elementor-button-wrapper\">\n\t\t\t\t\t<a class=\"elementor-button elementor-button-link elementor-size-sm\" href=\"https:\/\/communitycharterschoolofpaterson.fdmealplanner.com\/MENUS\" target=\"_blank\">\n\t\t\t\t\t\t<span class=\"elementor-button-content-wrapper\">\n\t\t\t\t\t\t<span class=\"elementor-button-icon\">\n\t\t\t\t<svg aria-hidden=\"true\" class=\"e-font-icon-svg e-fas-arrow-right\" viewBox=\"0 0 448 512\" xmlns=\"http:\/\/www.w3.org\/2000\/svg\"><path d=\"M190.5 66.9l22.2-22.2c9.4-9.4 24.6-9.4 33.9 0L441 239c9.4 9.4 9.4 24.6 0 33.9L246.6 467.3c-9.4 9.4-24.6 9.4-33.9 0l-22.2-22.2c-9.5-9.5-9.3-25 .4-34.3L311.4 296H24c-13.3 0-24-10.7-24-24v-32c0-13.3 10.7-24 24-24h287.4L190.9 101.2c-9.8-9.3-10-24.8-.4-34.3z\"><\/path><\/svg>\t\t\t<\/span>\n\t\t\t\t\t\t\t\t\t<span class=\"elementor-button-text\">Men\u00fas de Almuerzo<\/span>\n\t\t\t\t\t<\/span>\n\t\t\t\t\t<\/a>\n\t\t\t\t<\/div>\n\t\t\t\t\t\t\t\t<\/div>\n\t\t\t\t<\/div>\n\t\t\t\t<div class=\"elementor-element elementor-element-53a25528 elementor-align-justify elementor-widget__width-initial elementor-widget elementor-widget-button\" data-id=\"53a25528\" data-element_type=\"widget\" data-e-type=\"widget\" data-widget_type=\"button.default\">\n\t\t\t\t<div class=\"elementor-widget-container\">\n\t\t\t\t\t\t\t\t\t<div class=\"elementor-button-wrapper\">\n\t\t\t\t\t<a class=\"elementor-button elementor-button-link elementor-size-sm\" href=\"https:\/\/ccsp.org\/es\/documentos\/?term_id=60\">\n\t\t\t\t\t\t<span class=\"elementor-button-content-wrapper\">\n\t\t\t\t\t\t<span class=\"elementor-button-icon\">\n\t\t\t\t<svg aria-hidden=\"true\" class=\"e-font-icon-svg e-fas-arrow-right\" viewBox=\"0 0 448 512\" xmlns=\"http:\/\/www.w3.org\/2000\/svg\"><path d=\"M190.5 66.9l22.2-22.2c9.4-9.4 24.6-9.4 33.9 0L441 239c9.4 9.4 9.4 24.6 0 33.9L246.6 467.3c-9.4 9.4-24.6 9.4-33.9 0l-22.2-22.2c-9.5-9.5-9.3-25 .4-34.3L311.4 296H24c-13.3 0-24-10.7-24-24v-32c0-13.3 10.7-24 24-24h287.4L190.9 101.2c-9.8-9.3-10-24.8-.4-34.3z\"><\/path><\/svg>\t\t\t<\/span>\n\t\t\t\t\t\t\t\t\t<span class=\"elementor-button-text\">Formularios de Salud<\/span>\n\t\t\t\t\t<\/span>\n\t\t\t\t\t<\/a>\n\t\t\t\t<\/div>\n\t\t\t\t\t\t\t\t<\/div>\n\t\t\t\t<\/div>\n\t\t\t\t\t<\/div>\n\t\t\t\t<\/div>\n\t\t\t\t\t<\/div>\n\t\t\t\t<\/div>\n\t\t\t\t<\/div>\n\t\t","protected":false},"excerpt":{"rendered":"<p>Consejo Escolar en Casa El Consejo Escolar en Casa (HSC) es la \u00abvoz\u00bb de TODAS las familias en la Escuela Charter de la Comunidad de Paterson. El Consejo Escolar en [&hellip;]<\/p>\n","protected":false},"author":3,"featured_media":0,"parent":0,"menu_order":0,"comment_status":"closed","ping_status":"closed","template":"","meta":{"_acf_changed":false,"footnotes":""},"class_list":["post-867","page","type-page","status-publish","hentry"],"acf":[],"yoast_head":"<!-- This site is optimized with the Yoast SEO plugin v27.4 - https:\/\/yoast.com\/product\/yoast-seo-wordpress\/ -->\n<title>Consejo Escolar en Casa - Community Charter School of Paterson<\/title>\n<meta name=\"robots\" content=\"index, follow, max-snippet:-1, max-image-preview:large, max-video-preview:-1\" \/>\n<link rel=\"canonical\" href=\"https:\/\/ccsp.org\/home-school-council\/\" \/>\n<meta property=\"og:locale\" content=\"es_ES\" \/>\n<meta property=\"og:type\" content=\"article\" \/>\n<meta property=\"og:title\" content=\"Consejo Escolar en Casa - Community Charter School of Paterson\" \/>\n<meta property=\"og:description\" content=\"Consejo Escolar en Casa El Consejo Escolar en Casa (HSC) es la \u00abvoz\u00bb de TODAS las familias en la Escuela Charter de la Comunidad de Paterson. El Consejo Escolar en [&hellip;]\" \/>\n<meta property=\"og:url\" content=\"https:\/\/ccsp.org\/home-school-council\/\" \/>\n<meta property=\"og:site_name\" content=\"Community Charter School of Paterson\" \/>\n<meta property=\"article:publisher\" content=\"https:\/\/www.facebook.com\/TheCommunityCharterSchoolOfPaterson\/\" \/>\n<meta property=\"article:modified_time\" content=\"2024-09-17T18:53:09+00:00\" \/>\n<meta property=\"og:image\" content=\"https:\/\/ccsp.org\/wp-content\/uploads\/2024\/02\/IMG-20231221-WA0018.jpg\" \/>\n<meta name=\"twitter:card\" content=\"summary_large_image\" \/>\n<meta name=\"twitter:label1\" content=\"Tiempo de lectura\" \/>\n\t<meta name=\"twitter:data1\" content=\"2 minutos\" \/>\n<script type=\"application\/ld+json\" class=\"yoast-schema-graph\">{\"@context\":\"https:\\\/\\\/schema.org\",\"@graph\":[{\"@type\":\"WebPage\",\"@id\":\"https:\\\/\\\/ccsp.org\\\/home-school-council\\\/\",\"url\":\"https:\\\/\\\/ccsp.org\\\/home-school-council\\\/\",\"name\":\"Consejo Escolar en Casa - Community Charter School of Paterson\",\"isPartOf\":{\"@id\":\"https:\\\/\\\/www.ccsp.org\\\/#website\"},\"primaryImageOfPage\":{\"@id\":\"https:\\\/\\\/ccsp.org\\\/home-school-council\\\/#primaryimage\"},\"image\":{\"@id\":\"https:\\\/\\\/ccsp.org\\\/home-school-council\\\/#primaryimage\"},\"thumbnailUrl\":\"https:\\\/\\\/ccsp.org\\\/wp-content\\\/uploads\\\/2024\\\/02\\\/IMG-20231221-WA0018.jpg\",\"datePublished\":\"2024-01-17T00:37:22+00:00\",\"dateModified\":\"2024-09-17T18:53:09+00:00\",\"breadcrumb\":{\"@id\":\"https:\\\/\\\/ccsp.org\\\/home-school-council\\\/#breadcrumb\"},\"inLanguage\":\"es\",\"potentialAction\":[{\"@type\":\"ReadAction\",\"target\":[\"https:\\\/\\\/ccsp.org\\\/home-school-council\\\/\"]}]},{\"@type\":\"ImageObject\",\"inLanguage\":\"es\",\"@id\":\"https:\\\/\\\/ccsp.org\\\/home-school-council\\\/#primaryimage\",\"url\":\"https:\\\/\\\/ccsp.org\\\/wp-content\\\/uploads\\\/2024\\\/02\\\/IMG-20231221-WA0018.jpg\",\"contentUrl\":\"https:\\\/\\\/ccsp.org\\\/wp-content\\\/uploads\\\/2024\\\/02\\\/IMG-20231221-WA0018.jpg\"},{\"@type\":\"BreadcrumbList\",\"@id\":\"https:\\\/\\\/ccsp.org\\\/home-school-council\\\/#breadcrumb\",\"itemListElement\":[{\"@type\":\"ListItem\",\"position\":1,\"name\":\"Home\",\"item\":\"https:\\\/\\\/www.ccsp.org\\\/\"},{\"@type\":\"ListItem\",\"position\":2,\"name\":\"Consejo Escolar en Casa\"}]},{\"@type\":\"WebSite\",\"@id\":\"https:\\\/\\\/www.ccsp.org\\\/#website\",\"url\":\"https:\\\/\\\/www.ccsp.org\\\/\",\"name\":\"Community Charter School of Paterson\",\"description\":\"K-8 Charter school\",\"potentialAction\":[{\"@type\":\"SearchAction\",\"target\":{\"@type\":\"EntryPoint\",\"urlTemplate\":\"https:\\\/\\\/www.ccsp.org\\\/?s={search_term_string}\"},\"query-input\":{\"@type\":\"PropertyValueSpecification\",\"valueRequired\":true,\"valueName\":\"search_term_string\"}}],\"inLanguage\":\"es\"}]}<\/script>\n<!-- \/ Yoast SEO plugin. -->","yoast_head_json":{"title":"Consejo Escolar en Casa - Community Charter School of Paterson","robots":{"index":"index","follow":"follow","max-snippet":"max-snippet:-1","max-image-preview":"max-image-preview:large","max-video-preview":"max-video-preview:-1"},"canonical":"https:\/\/ccsp.org\/home-school-council\/","og_locale":"es_ES","og_type":"article","og_title":"Consejo Escolar en Casa - Community Charter School of Paterson","og_description":"Consejo Escolar en Casa El Consejo Escolar en Casa (HSC) es la \u00abvoz\u00bb de TODAS las familias en la Escuela Charter de la Comunidad de Paterson. El Consejo Escolar en [&hellip;]","og_url":"https:\/\/ccsp.org\/home-school-council\/","og_site_name":"Community Charter School of Paterson","article_publisher":"https:\/\/www.facebook.com\/TheCommunityCharterSchoolOfPaterson\/","article_modified_time":"2024-09-17T18:53:09+00:00","og_image":[{"url":"https:\/\/ccsp.org\/wp-content\/uploads\/2024\/02\/IMG-20231221-WA0018.jpg","type":"","width":"","height":""}],"twitter_card":"summary_large_image","twitter_misc":{"Tiempo de lectura":"2 minutos"},"schema":{"@context":"https:\/\/schema.org","@graph":[{"@type":"WebPage","@id":"https:\/\/ccsp.org\/home-school-council\/","url":"https:\/\/ccsp.org\/home-school-council\/","name":"Consejo Escolar en Casa - Community Charter School of Paterson","isPartOf":{"@id":"https:\/\/www.ccsp.org\/#website"},"primaryImageOfPage":{"@id":"https:\/\/ccsp.org\/home-school-council\/#primaryimage"},"image":{"@id":"https:\/\/ccsp.org\/home-school-council\/#primaryimage"},"thumbnailUrl":"https:\/\/ccsp.org\/wp-content\/uploads\/2024\/02\/IMG-20231221-WA0018.jpg","datePublished":"2024-01-17T00:37:22+00:00","dateModified":"2024-09-17T18:53:09+00:00","breadcrumb":{"@id":"https:\/\/ccsp.org\/home-school-council\/#breadcrumb"},"inLanguage":"es","potentialAction":[{"@type":"ReadAction","target":["https:\/\/ccsp.org\/home-school-council\/"]}]},{"@type":"ImageObject","inLanguage":"es","@id":"https:\/\/ccsp.org\/home-school-council\/#primaryimage","url":"https:\/\/ccsp.org\/wp-content\/uploads\/2024\/02\/IMG-20231221-WA0018.jpg","contentUrl":"https:\/\/ccsp.org\/wp-content\/uploads\/2024\/02\/IMG-20231221-WA0018.jpg"},{"@type":"BreadcrumbList","@id":"https:\/\/ccsp.org\/home-school-council\/#breadcrumb","itemListElement":[{"@type":"ListItem","position":1,"name":"Home","item":"https:\/\/www.ccsp.org\/"},{"@type":"ListItem","position":2,"name":"Consejo Escolar en Casa"}]},{"@type":"WebSite","@id":"https:\/\/www.ccsp.org\/#website","url":"https:\/\/www.ccsp.org\/","name":"Community Charter School of Paterson","description":"K-8 Charter school","potentialAction":[{"@type":"SearchAction","target":{"@type":"EntryPoint","urlTemplate":"https:\/\/www.ccsp.org\/?s={search_term_string}"},"query-input":{"@type":"PropertyValueSpecification","valueRequired":true,"valueName":"search_term_string"}}],"inLanguage":"es"}]}},"_links":{"self":[{"href":"https:\/\/ccsp.org\/es\/wp-json\/wp\/v2\/pages\/867","targetHints":{"allow":["GET"]}}],"collection":[{"href":"https:\/\/ccsp.org\/es\/wp-json\/wp\/v2\/pages"}],"about":[{"href":"https:\/\/ccsp.org\/es\/wp-json\/wp\/v2\/types\/page"}],"author":[{"embeddable":true,"href":"https:\/\/ccsp.org\/es\/wp-json\/wp\/v2\/users\/3"}],"replies":[{"embeddable":true,"href":"https:\/\/ccsp.org\/es\/wp-json\/wp\/v2\/comments?post=867"}],"version-history":[{"count":0,"href":"https:\/\/ccsp.org\/es\/wp-json\/wp\/v2\/pages\/867\/revisions"}],"wp:attachment":[{"href":"https:\/\/ccsp.org\/es\/wp-json\/wp\/v2\/media?parent=867"}],"curies":[{"name":"wp","href":"https:\/\/api.w.org\/{rel}","templated":true}]}}